{"id":801,"date":"2019-06-29T23:27:37","date_gmt":"2019-06-29T21:27:37","guid":{"rendered":"http:\/\/www.daniel-agi.de\/?page_id=801"},"modified":"2025-03-03T21:14:40","modified_gmt":"2025-03-03T20:14:40","slug":"ueber-mich","status":"publish","type":"page","link":"http:\/\/www.daniel-agi.de\/en\/","title":{"rendered":"\u00fcber mich"},"content":{"rendered":"<div class=\"wp-block-columns has-2-columns\">\r\n<div class=\"wp-block-column\">\r\n<figure class=\"wp-block-image\"><img loading=\"lazy\" width=\"360\" height=\"200\" class=\"wp-image-640\" src=\"http:\/\/www.daniel-agi.de\/daWP15\/wp-content\/uploads\/2017\/07\/Daniel-Agi-6-web.jpg\" alt=\"\" srcset=\"http:\/\/www.daniel-agi.de\/daWP15\/wp-content\/uploads\/2017\/07\/Daniel-Agi-6-web.jpg 360w, http:\/\/www.daniel-agi.de\/daWP15\/wp-content\/uploads\/2017\/07\/Daniel-Agi-6-web-300x167.jpg 300w\" sizes=\"(max-width: 360px) 100vw, 360px\" \/><\/figure>\r\n\r\n\r\n<p>Fascinated by the endless abundance of aesthetics and challenges, the focus of Daniel&#8217;s work lies in the field of contemporary music.<br> \r\nThis led him, with his ensembles,<a href=\"http:\/\/www.ensemble-handwerk.eu\" rel=\"noopener noreferrer\" target=\"_blank\">hand werk<\/a> and <a href=\"http:\/\/www.dasneueensemble.de\" rel=\"noopener noreferrer\" target=\"_blank\">Das Neue Ensemble<\/a>, for instance, to several concerts in major festivals such as Acht Br\u00fccken \u2013 Musik f\u00fcr K\u00f6ln, Zagreb Biennale and Wittener Tagen f\u00fcr Neue Kammermusik.<br> \r\nAs a vocalist, inspired by the styles of extreme heavy metal, he explores the world of vocal distortion.<\/p>\r\n\r\n\r\n<\/div>\r\n<div class=\"wp-block-column\">\r\n\r\n<p>His intense performances have taken him to festivals such as Gaudeamus, Utrecht or Musica, Strasbourg.<br> \r\nHe studied flute in the conservatories of Cologne and Freiburg with Hans Martin Mueller and Prof. Robert Aitken. In 2006\/2007, he was a member of the International Ensemble Modern Academy, where he received his master&#8217;s degree in the performing of contemporary music.<br> \r\nDedicated to both, the contemporary as well as the classical repertoire he is seen as a guest musician with, among others, the D\u00fcsseldorf Philharmonic Orchestra and Ensemble musikFabrik as well as with his various chamber music groups.<br> \r\nAs a lecturer, he has given workshops at Harvard University, Folkwang University Essen, Yong Siew Toh Conservatory of Music Singapur and others.<\/p>\r\n\r\n\r\n<\/div>\r\n<\/div>\r\n\r\n<p style=\"text-align: center;\"><em>&#8220;Thoroughly virtuosic&#8221;<\/em><br \/><strong>nmz<\/strong><\/p>\r\n<p>&nbsp;<\/p>","protected":false},"excerpt":{"rendered":"<p>&#8220;Thoroughly virtuosic&#8221;nmz &nbsp;<\/p>\n","protected":false},"author":3,"featured_media":0,"parent":0,"menu_order":0,"comment_status":"closed","ping_status":"closed","template":"","meta":[],"aioseo_notices":[],"_links":{"self":[{"href":"http:\/\/www.daniel-agi.de\/en\/wp-json\/wp\/v2\/pages\/801"}],"collection":[{"href":"http:\/\/www.daniel-agi.de\/en\/wp-json\/wp\/v2\/pages"}],"about":[{"href":"http:\/\/www.daniel-agi.de\/en\/wp-json\/wp\/v2\/types\/page"}],"author":[{"embeddable":true,"href":"http:\/\/www.daniel-agi.de\/en\/wp-json\/wp\/v2\/users\/3"}],"replies":[{"embeddable":true,"href":"http:\/\/www.daniel-agi.de\/en\/wp-json\/wp\/v2\/comments?post=801"}],"version-history":[{"count":4,"href":"http:\/\/www.daniel-agi.de\/en\/wp-json\/wp\/v2\/pages\/801\/revisions"}],"predecessor-version":[{"id":1603,"href":"http:\/\/www.daniel-agi.de\/en\/wp-json\/wp\/v2\/pages\/801\/revisions\/1603"}],"wp:attachment":[{"href":"http:\/\/www.daniel-agi.de\/en\/wp-json\/wp\/v2\/media?parent=801"}],"curies":[{"name":"wp","href":"https:\/\/api.w.org\/{rel}","templated":true}]}}