{"id":80,"date":"2011-12-21T21:23:52","date_gmt":"2011-12-21T21:23:52","guid":{"rendered":"http:\/\/daniel-agi.de\/webseite\/?page_id=80"},"modified":"2024-07-25T17:35:43","modified_gmt":"2024-07-25T15:35:43","slug":"impressum","status":"publish","type":"page","link":"https:\/\/www.daniel-agi.de\/en\/impressum\/","title":{"rendered":"Impressum"},"content":{"rendered":"<p><strong>Verantwortlich f\u00fcr den Inhalt:<\/strong><\/p>\n<p>Daniel Agi<br \/>\nMalteserstra\u00dfe 30<br \/>\n51065 K\u00f6ln<\/p>\n<p>Tel.: 0178 178 33 70<br \/>\nE-Mail: info [at] daniel-agi.de<\/p>\n<p><strong>Design &#038; Programmierung<\/strong><\/p>\n<p>Florian Baier<br \/>\nmail [at] florianbaier.de <\/p>\n<p><strong>Design &#038; Programmierung<\/strong><\/p>\n<p>Florian Baier<br \/>\nmail [at] florianbaier.de <\/p>\n<p><strong>Fotos<\/strong><\/p>\n<p>Tobias Becker (\u00fcber mich, Soloprogramme)<br \/>\nRainer Rauen (Unterricht, Ensembles\/hand werk)<br \/>\nTobias Vollmer (Ensembles\/Duo Agile)<\/p>\n<p><strong>Haftungsausschuss<\/strong><br \/>\nWir bem\u00fchen uns, auf dieser Website richtige und vollst\u00e4ndige Informationen mit gr\u00f6\u00dfter Sorgfalt zur Verf\u00fcgung zu stellen.<\/p>\n<p>Wir \u00fcbernehmen keine Haftung oder Garantie f\u00fcr die Aktualit\u00e4t, Richtigkeit und Vollst\u00e4ndigkeit der auf dieser Website bereitgestellten Informationen. Dies gilt ebenso f\u00fcr Inhalte anderer Internetangebote, die per Link von dieser Website aus erreicht werden k\u00f6nnen.<\/p>\n<p>Wir behalten und das Recht vor, \u00c4nderungen oder Erg\u00e4nzungen der ver\u00f6ffentlichten Informationen ohne vorherige Ank\u00fcndigung vorzunehmen.<\/p>\n<p><strong>Copyright<\/strong><br \/>\nAlle Inhalte dieser Website sind urheberrechtlich gesch\u00fctzt. Das Kopieren oder Vervielf\u00e4ltigen dieser Website oder ihrer Inhalte ohne Genehmigung sind verboten und werden strafrechtlich verfolgt.<\/p>\n<p><strong>Haftungsausschuss<\/strong><br \/>\nWir bem\u00fchen uns, auf dieser Website richtige und vollst\u00e4ndige Informationen mit gr\u00f6\u00dfter Sorgfalt zur Verf\u00fcgung zu stellen.<\/p>\n<p>Wir \u00fcbernehmen keine Haftung oder Garantie f\u00fcr die Aktualit\u00e4t, Richtigkeit und Vollst\u00e4ndigkeit der auf dieser Website bereitgestellten Informationen. Dies gilt ebenso f\u00fcr Inhalte anderer Internetangebote, die per Link von dieser Website aus erreicht werden k\u00f6nnen.<\/p>\n<p>Wir behalten und das Recht vor, \u00c4nderungen oder Erg\u00e4nzungen der ver\u00f6ffentlichten Informationen ohne vorherige Ank\u00fcndigung vorzunehmen.<\/p>\n<p><strong>Copyright<\/strong><br \/>\nAlle Inhalte dieser Website sind urheberrechtlich gesch\u00fctzt. Das Kopieren oder Vervielf\u00e4ltigen dieser Website oder ihrer Inhalte ohne Genehmigung sind verboten und werden strafrechtlich verfolgt.<\/p>\n","protected":false},"excerpt":{"rendered":"<p>Verantwortlich f\u00fcr den Inhalt: Daniel Agi Malteserstra\u00dfe 30 51065 K\u00f6ln Tel.: 0178 178 33 70 E-Mail: info [at] daniel-agi.de Design &#038; Programmierung Florian Baier mail [at] florianbaier.de Design &#038; Programmierung Florian Baier mail [at] florianbaier.de Fotos Tobias Becker (\u00fcber mich, Soloprogramme) Rainer Rauen (Unterricht, Ensembles\/hand&hellip; <a class=\"read-more\" href=\"https:\/\/www.daniel-agi.de\/en\/impressum\/\">Read more<\/a><\/p>\n","protected":false},"author":2,"featured_media":0,"parent":0,"menu_order":0,"comment_status":"closed","ping_status":"open","template":"","meta":[],"aioseo_notices":[],"_links":{"self":[{"href":"https:\/\/www.daniel-agi.de\/en\/wp-json\/wp\/v2\/pages\/80"}],"collection":[{"href":"https:\/\/www.daniel-agi.de\/en\/wp-json\/wp\/v2\/pages"}],"about":[{"href":"https:\/\/www.daniel-agi.de\/en\/wp-json\/wp\/v2\/types\/page"}],"author":[{"embeddable":true,"href":"https:\/\/www.daniel-agi.de\/en\/wp-json\/wp\/v2\/users\/2"}],"replies":[{"embeddable":true,"href":"https:\/\/www.daniel-agi.de\/en\/wp-json\/wp\/v2\/comments?post=80"}],"version-history":[{"count":3,"href":"https:\/\/www.daniel-agi.de\/en\/wp-json\/wp\/v2\/pages\/80\/revisions"}],"predecessor-version":[{"id":1546,"href":"https:\/\/www.daniel-agi.de\/en\/wp-json\/wp\/v2\/pages\/80\/revisions\/1546"}],"wp:attachment":[{"href":"https:\/\/www.daniel-agi.de\/en\/wp-json\/wp\/v2\/media?parent=80"}],"curies":[{"name":"wp","href":"https:\/\/api.w.org\/{rel}","templated":true}]}}