{"id":9,"date":"2011-10-25T22:13:58","date_gmt":"2011-10-25T22:13:58","guid":{"rendered":"http:\/\/daniel-agi.de\/webseite\/?page_id=9"},"modified":"2025-04-24T10:08:53","modified_gmt":"2025-04-24T08:08:53","slug":"unterricht","status":"publish","type":"page","link":"https:\/\/www.daniel-agi.de\/en\/unterricht\/","title":{"rendered":"Discover your very own sound"},"content":{"rendered":"<div class=\"wp-block-column\"><img loading=\"lazy\" class=\"alignleft wp-image-1613 size-full\" style=\"font-weight: normal;\" title=\"ueber-mich-bunt\" src=\"http:\/\/www.daniel-agi.de\/daWP15\/wp-content\/uploads\/2025\/04\/2.png\" alt=\"\" width=\"1366\" height=\"768\" srcset=\"https:\/\/www.daniel-agi.de\/daWP15\/wp-content\/uploads\/2025\/04\/2.png 1366w, https:\/\/www.daniel-agi.de\/daWP15\/wp-content\/uploads\/2025\/04\/2-300x169.png 300w, https:\/\/www.daniel-agi.de\/daWP15\/wp-content\/uploads\/2025\/04\/2-1024x576.png 1024w, https:\/\/www.daniel-agi.de\/daWP15\/wp-content\/uploads\/2025\/04\/2-768x432.png 768w\" sizes=\"(max-width: 1366px) 100vw, 1366px\" \/><br \/>\r\n<p><strong>Fl\u00f6tenunterricht in K\u00f6ln-Buchheim.<br \/>So, wie Du ihn brauchst.<\/strong><\/p>\r\n<p><strong>Flexible Termine<\/strong> \u2013 ohne Vertrag, nach Deinem Zeitplan<br \/><strong>Individueller Unterricht<\/strong> \u2013 f\u00fcr Dein Niveau und Deine Ziele<br \/><strong>Entspannte Atmosph\u00e4re<\/strong> \u2013 in Deinem Tempo, ohne Druck\u00a0<\/p>\r\n<\/div>\r\n<div class=\"wp-block-column\">\r\n<p>F\u00e4ngst Du frisch an oder m\u00f6chtest Dich weiterentwickeln? Suchst Du Unterst\u00fctzung bei professionellen Vorhaben?<br \/><strong>Ich freue mich, mit Dir zu arbeiten!<\/strong><\/p>\r\n<p><span style=\"color: #e864d4;\">Buche Deine erste Stunde gleich <a style=\"color: #e864d4;\" href=\"http:\/\/daniel-agi.de\/kontakt\">hier. <\/a><\/span><\/p>\r\n<p>&nbsp;<\/p>\r\n<p>&nbsp;<\/p>\r\n\u00a0<\/div>\r\n<\/div><div class=\"wp-block-columns has-2-columns\">\r\n<div class=\"wp-block-column\"><img loading=\"lazy\" class=\"alignleft wp-image-1613 size-full\" style=\"font-weight: normal;\" title=\"ueber-mich-bunt\" src=\"http:\/\/www.daniel-agi.de\/daWP15\/wp-content\/uploads\/2025\/04\/2.png\" alt=\"\" width=\"1366\" height=\"768\" srcset=\"https:\/\/www.daniel-agi.de\/daWP15\/wp-content\/uploads\/2025\/04\/2.png 1366w, https:\/\/www.daniel-agi.de\/daWP15\/wp-content\/uploads\/2025\/04\/2-300x169.png 300w, https:\/\/www.daniel-agi.de\/daWP15\/wp-content\/uploads\/2025\/04\/2-1024x576.png 1024w, https:\/\/www.daniel-agi.de\/daWP15\/wp-content\/uploads\/2025\/04\/2-768x432.png 768w\" sizes=\"(max-width: 1366px) 100vw, 1366px\" \/><br \/>\r\n<p><strong>Flute lessons in Cologne-Buchheim.<br \/>The way <em>you <\/em>need them.<\/strong><\/p>\r\n<p><strong>Flexible scheduling<\/strong> \u2013 no contract, on your own time<br \/>\r\n<strong>Made-to-fit lessons<\/strong> \u2013 for your level and your goals<br \/>\r\n<strong>Relaxed atmosphere<\/strong> \u2013 at your pace, without pressure<\/p>\r\n<\/div>\r\n<div class=\"wp-block-column\">\r\n<p>Just getting started or looking to grow your skills? Need support for professional projects?\r\nI\u2019d love to work with you!<\/strong><\/p>\r\n<p><span style=\"color: #e864d4;\">Book your first lesson right <a style=\"color: #e864d4;\" href=\"http:\/\/daniel-agi.de\/kontakt\">here. <\/a><\/span><\/p>\r\n<p>&nbsp;<\/p>\r\n<p>&nbsp;<\/p>\r\n\u00a0<\/div>\r\n<\/div><div class=\"wp-block-columns has-2-columns\"><!-- wp:column -->\r\n<div class=\"wp-block-column\"><img loading=\"lazy\" class=\"alignleft wp-image-1613 size-full\" style=\"font-weight: normal;\" title=\"ueber-mich-bunt\" src=\"http:\/\/www.daniel-agi.de\/daWP15\/wp-content\/uploads\/2025\/04\/2.png\" alt=\"\" width=\"1366\" height=\"768\" srcset=\"https:\/\/www.daniel-agi.de\/daWP15\/wp-content\/uploads\/2025\/04\/2.png 1366w, https:\/\/www.daniel-agi.de\/daWP15\/wp-content\/uploads\/2025\/04\/2-300x169.png 300w, https:\/\/www.daniel-agi.de\/daWP15\/wp-content\/uploads\/2025\/04\/2-1024x576.png 1024w, https:\/\/www.daniel-agi.de\/daWP15\/wp-content\/uploads\/2025\/04\/2-768x432.png 768w\" sizes=\"(max-width: 1366px) 100vw, 1366px\" \/><br \/>\r\n<p><strong>Flute lessons in Cologne-Buchheim.<br \/>The way <em>you <\/em>need them.<\/strong><\/p>\r\n<p><strong>Flexible scheduling<\/strong> \u2013 no contract, on your own time<br \/>\r\n<strong>Made-to-fit lessons<\/strong> \u2013 for your level and your goals<br \/>\r\n<strong>Relaxed atmosphere<\/strong> \u2013 at your pace, without pressure<\/p>\r\n<\/div>\r\n<div class=\"wp-block-column\">\r\n<p>Just getting started or looking to grow your skills? Need support for professional projects?\r\nI\u2019d love to work with you!<\/strong><\/p>\r\n<p><span style=\"color: #e864d4;\">Book your first lesson right <a style=\"color: #e864d4;\" href=\"http:\/\/daniel-agi.de\/kontakt\">here. <\/a><\/span><\/p>\r\n<p>&nbsp;<\/p>\r\n<p>&nbsp;<\/p>\r\n\u00a0<\/div>\r\n<\/div>","protected":false},"excerpt":{"rendered":"<p>Fl\u00f6tenunterricht in K\u00f6ln-Buchheim.So, wie Du ihn brauchst. Flexible Termine \u2013 ohne Vertrag, nach Deinem ZeitplanIndividueller Unterricht \u2013 f\u00fcr Dein Niveau und Deine ZieleEntspannte Atmosph\u00e4re \u2013 in Deinem Tempo, ohne Druck\u00a0 F\u00e4ngst Du frisch an oder m\u00f6chtest Dich weiterentwickeln? Suchst Du Unterst\u00fctzung bei professionellen Vorhaben?Ich freue&hellip; <a class=\"read-more\" href=\"https:\/\/www.daniel-agi.de\/en\/unterricht\/\">Read more<\/a><\/p>\n","protected":false},"author":2,"featured_media":0,"parent":0,"menu_order":0,"comment_status":"closed","ping_status":"open","template":"","meta":[],"aioseo_notices":[],"_links":{"self":[{"href":"https:\/\/www.daniel-agi.de\/en\/wp-json\/wp\/v2\/pages\/9"}],"collection":[{"href":"https:\/\/www.daniel-agi.de\/en\/wp-json\/wp\/v2\/pages"}],"about":[{"href":"https:\/\/www.daniel-agi.de\/en\/wp-json\/wp\/v2\/types\/page"}],"author":[{"embeddable":true,"href":"https:\/\/www.daniel-agi.de\/en\/wp-json\/wp\/v2\/users\/2"}],"replies":[{"embeddable":true,"href":"https:\/\/www.daniel-agi.de\/en\/wp-json\/wp\/v2\/comments?post=9"}],"version-history":[{"count":4,"href":"https:\/\/www.daniel-agi.de\/en\/wp-json\/wp\/v2\/pages\/9\/revisions"}],"predecessor-version":[{"id":1615,"href":"https:\/\/www.daniel-agi.de\/en\/wp-json\/wp\/v2\/pages\/9\/revisions\/1615"}],"wp:attachment":[{"href":"https:\/\/www.daniel-agi.de\/en\/wp-json\/wp\/v2\/media?parent=9"}],"curies":[{"name":"wp","href":"https:\/\/api.w.org\/{rel}","templated":true}]}}